{"id":14033,"date":"2025-09-04T18:18:33","date_gmt":"2025-09-04T16:18:33","guid":{"rendered":"https:\/\/cdfpellets.de\/?post_type=product&#038;p=14033"},"modified":"2025-11-20T13:30:08","modified_gmt":"2025-11-20T12:30:08","slug":"pellets-keller-palette-mit-66-saecken-a-15-kg","status":"publish","type":"product","link":"https:\/\/cdfpellets.de\/index.php\/produit\/pellets-keller-palette-mit-66-saecken-a-15-kg\/","title":{"rendered":"Pellets Keller &#8211; Palette mit 66 S\u00e4cken \u00e0 15 kg"},"content":{"rendered":"<p>Unsere nachhaltig produzierten Pellets sind in praktischen 15-kg-S\u00e4cken auf einer Palette mit 66 S\u00e4cken verpackt. Sie eignen sich besonders f\u00fcr Raumheizger\u00e4te oder kleine Zentralheizungsanlagen. Sie sind ENplus- und DINplus-zertifiziert.<\/p>\n<p>&nbsp;<\/p>\n<div class=\"elementor-element elementor-element-b942657 elementor-widget elementor-widget-heading\" data-id=\"b942657\" data-element_type=\"widget\" data-widget_type=\"heading.default\">\n<h2 class=\"elementor-heading-title elementor-size-default\">Technische Eigenschaften<\/h2>\n<\/div>\n<div class=\"elementor-element elementor-element-22616cb elementor-widget-divider--view-line elementor-widget elementor-widget-divider\" data-id=\"22616cb\" data-element_type=\"widget\" data-widget_type=\"divider.default\">\n<div class=\"elementor-divider\"><\/div>\n<\/div>\n<div class=\"elementor-element elementor-element-bea90e4 elementor-widget elementor-widget-text-editor\" data-id=\"bea90e4\" data-element_type=\"widget\" data-widget_type=\"text-editor.default\">\n<table style=\"height: 216px;\" width=\"688\">\n<tbody>\n<tr>\n<td><\/td>\n<td>Keller<\/td>\n<td>DIN plus*<\/td>\n<\/tr>\n<tr>\n<td>Rohstoff<\/td>\n<td>100% r\u00e9sineux<\/td>\n<td><\/td>\n<\/tr>\n<tr>\n<td>Energie Freigesetzte<\/td>\n<td>\u2265 4,6 kWh\/kg<\/td>\n<td>\u2265 4,6 kWh\/kg<\/td>\n<\/tr>\n<tr>\n<td>Aschegehalt<\/td>\n<td>\u2264 0,6%<\/td>\n<td>\u2264 0,7%<\/td>\n<\/tr>\n<tr>\n<td>Feingehalt<\/td>\n<td>\u2264 0,5%<\/td>\n<td>\u2264 0,5%<\/td>\n<\/tr>\n<tr>\n<td>Feuchtigkeit<\/td>\n<td>\u2264 10,0%<\/td>\n<td>\u2264 10%<\/td>\n<\/tr>\n<tr>\n<td>Durchmesser<\/td>\n<td>6 mm +\/- 1<\/td>\n<td>6 mm +\/- 1<\/td>\n<\/tr>\n<tr>\n<td>Hergestellt in<\/td>\n<td>Allemagne<\/td>\n<td><\/td>\n<\/tr>\n<\/tbody>\n<\/table>\n<\/div>\n<p>&nbsp;<\/p>\n","protected":false},"excerpt":{"rendered":"<div class=\"elementor-element elementor-element-d13dfd2 dc-has-condition dc-condition-empty e-flex e-con-boxed e-con e-child\" data-id=\"d13dfd2\" data-element_type=\"container\">\n<div class=\"e-con-inner\">\n<div class=\"elementor-element elementor-element-73dca53 e-con-full e-flex e-con e-child\" data-id=\"73dca53\" data-element_type=\"container\">\n<div class=\"elementor-element elementor-element-d94b40f elementor-widget elementor-widget-image\" data-id=\"d94b40f\" data-element_type=\"widget\" data-widget_type=\"image.default\"><img decoding=\"async\" class=\"attachment-large  wp-image-9175\" src=\"https:\/\/bouvery-combustibles.fr\/wp-content\/uploads\/2021\/04\/weight.png\" sizes=\"(max-width: 512px) 100vw, 512px\" srcset=\"https:\/\/bouvery-combustibles.fr\/wp-content\/uploads\/2021\/04\/weight.png 512w, https:\/\/bouvery-combustibles.fr\/wp-content\/uploads\/2021\/04\/weight-300x300.png 300w, https:\/\/bouvery-combustibles.fr\/wp-content\/uploads\/2021\/04\/weight-150x150.png 150w, https:\/\/bouvery-combustibles.fr\/wp-content\/uploads\/2021\/04\/weight-65x65.png 65w, https:\/\/bouvery-combustibles.fr\/wp-content\/uploads\/2021\/04\/weight-100x100.png 100w\" alt=\"\" width=\"29\" height=\"29\" \/> Palette 990 kg<\/div>\n<\/div>\n<\/div>\n<\/div>\n<div class=\"elementor-element elementor-element-e73c8b2 jedv-enabled--yes e-flex e-con-boxed e-con e-child\" data-id=\"e73c8b2\" data-element_type=\"container\">\n<div class=\"e-con-inner\">\n<div class=\"elementor-element elementor-element-08897dc e-con-full e-flex e-con e-child\" data-id=\"08897dc\" data-element_type=\"container\">\n<div class=\"elementor-element elementor-element-77edcf3 elementor-widget elementor-widget-image\" data-id=\"77edcf3\" data-element_type=\"widget\" data-widget_type=\"image.default\"><img decoding=\"async\" class=\"attachment-large  wp-image-9286\" src=\"https:\/\/bouvery-combustibles.fr\/wp-content\/uploads\/2021\/04\/coffee-bag.png\" sizes=\"(max-width: 512px) 100vw, 512px\" srcset=\"https:\/\/bouvery-combustibles.fr\/wp-content\/uploads\/2021\/04\/coffee-bag.png 512w, https:\/\/bouvery-combustibles.fr\/wp-content\/uploads\/2021\/04\/coffee-bag-300x300.png 300w, https:\/\/bouvery-combustibles.fr\/wp-content\/uploads\/2021\/04\/coffee-bag-150x150.png 150w, https:\/\/bouvery-combustibles.fr\/wp-content\/uploads\/2021\/04\/coffee-bag-65x65.png 65w, https:\/\/bouvery-combustibles.fr\/wp-content\/uploads\/2021\/04\/coffee-bag-100x100.png 100w\" alt=\"\" width=\"28\" height=\"28\" \/> 66 S\u00e4cke \u00e0 15 kg<\/div>\n<\/div>\n<\/div>\n<\/div>\n<div class=\"elementor-element elementor-element-45b3a21 e-flex e-con-boxed e-con e-child\" data-id=\"45b3a21\" data-element_type=\"container\">\n<div class=\"e-con-inner\">\n<div class=\"elementor-element elementor-element-aa7fe50 e-con-full e-flex e-con e-child\" data-id=\"aa7fe50\" data-element_type=\"container\">\n<div class=\"elementor-element elementor-element-6ae5710 elementor-widget elementor-widget-image\" data-id=\"6ae5710\" data-element_type=\"widget\" data-widget_type=\"image.default\"><img decoding=\"async\" class=\"attachment-large  wp-image-5248\" src=\"https:\/\/bouvery-combustibles.fr\/wp-content\/uploads\/2021\/04\/allemagne.png\" sizes=\"(max-width: 512px) 100vw, 512px\" srcset=\"https:\/\/bouvery-combustibles.fr\/wp-content\/uploads\/2021\/04\/allemagne.png 512w, https:\/\/bouvery-combustibles.fr\/wp-content\/uploads\/2021\/04\/allemagne-300x300.png 300w, https:\/\/bouvery-combustibles.fr\/wp-content\/uploads\/2021\/04\/allemagne-100x100.png 100w, https:\/\/bouvery-combustibles.fr\/wp-content\/uploads\/2021\/04\/allemagne-150x150.png 150w\" alt=\"allemagne\" width=\"22\" height=\"22\" \/> Herkunft: Deutschland<\/div>\n<\/div>\n<\/div>\n<\/div>\n<p>&nbsp;<\/p>\n","protected":false},"featured_media":14035,"comment_status":"open","ping_status":"closed","template":"","meta":[],"product_brand":[],"product_cat":[516],"product_tag":[],"class_list":{"0":"post-14033","1":"product","2":"type-product","3":"status-publish","4":"has-post-thumbnail","6":"product_cat-holzpellets","8":"first","9":"instock","10":"taxable","11":"shipping-taxable","12":"purchasable","13":"product-type-simple"},"_links":{"self":[{"href":"https:\/\/cdfpellets.de\/index.php\/wp-json\/wp\/v2\/product\/14033","targetHints":{"allow":["GET"]}}],"collection":[{"href":"https:\/\/cdfpellets.de\/index.php\/wp-json\/wp\/v2\/product"}],"about":[{"href":"https:\/\/cdfpellets.de\/index.php\/wp-json\/wp\/v2\/types\/product"}],"replies":[{"embeddable":true,"href":"https:\/\/cdfpellets.de\/index.php\/wp-json\/wp\/v2\/comments?post=14033"}],"version-history":[{"count":1,"href":"https:\/\/cdfpellets.de\/index.php\/wp-json\/wp\/v2\/product\/14033\/revisions"}],"predecessor-version":[{"id":14036,"href":"https:\/\/cdfpellets.de\/index.php\/wp-json\/wp\/v2\/product\/14033\/revisions\/14036"}],"wp:featuredmedia":[{"embeddable":true,"href":"https:\/\/cdfpellets.de\/index.php\/wp-json\/wp\/v2\/media\/14035"}],"wp:attachment":[{"href":"https:\/\/cdfpellets.de\/index.php\/wp-json\/wp\/v2\/media?parent=14033"}],"wp:term":[{"taxonomy":"product_brand","embeddable":true,"href":"https:\/\/cdfpellets.de\/index.php\/wp-json\/wp\/v2\/product_brand?post=14033"},{"taxonomy":"product_cat","embeddable":true,"href":"https:\/\/cdfpellets.de\/index.php\/wp-json\/wp\/v2\/product_cat?post=14033"},{"taxonomy":"product_tag","embeddable":true,"href":"https:\/\/cdfpellets.de\/index.php\/wp-json\/wp\/v2\/product_tag?post=14033"}],"curies":[{"name":"wp","href":"https:\/\/api.w.org\/{rel}","templated":true}]}}