{"id":13467,"date":"2024-08-22T13:56:25","date_gmt":"2024-08-22T11:56:25","guid":{"rendered":"https:\/\/cdfpellets.de\/?post_type=product&#038;p=13467"},"modified":"2025-11-20T13:37:46","modified_gmt":"2025-11-20T12:37:46","slug":"pellets-ecobio-palette-mit-66-saecken-a-15-kg","status":"publish","type":"product","link":"https:\/\/cdfpellets.de\/index.php\/produit\/pellets-ecobio-palette-mit-66-saecken-a-15-kg\/","title":{"rendered":"Pellets ECOBIO, Palette mit 66 S\u00e4cken \u00e0 15 kg"},"content":{"rendered":"<div class=\"&quot;_36ca3aec&quot;\">\n<p>Ecobio Holzpellets, Palette mit 66 S\u00e4cken \u00e0 15 kg<\/p>\n<p>Holzpellets in Premiumqualit\u00e4t<\/p>\n<p>Feuchtigkeit \u2264 8 %<br \/>\nHeizwert (kWh\/Ster): 4,9 kWh\/kg \u2265 Heizwert \u2265 5,3 kWh\/kg<br \/>\nAschegehalt \u2264 0,5 %<br \/>\nDIN Plus zertifiziert<\/p>\n<\/div>\n","protected":false},"excerpt":{"rendered":"<p>Ecobio Holzpellets, Palette mit 66 S\u00e4cken \u00e0 15 kg Holzpellets in Premiumqualit\u00e4t Feuchtigkeit \u2264 8 % Heizwert (kWh\/Ster): 4,9 kWh\/kg<\/p>\n","protected":false},"featured_media":13531,"comment_status":"open","ping_status":"closed","template":"","meta":[],"product_brand":[],"product_cat":[516],"product_tag":[],"class_list":{"0":"post-13467","1":"product","2":"type-product","3":"status-publish","4":"has-post-thumbnail","6":"product_cat-holzpellets","8":"first","9":"instock","10":"taxable","11":"shipping-taxable","12":"purchasable","13":"product-type-simple"},"_links":{"self":[{"href":"https:\/\/cdfpellets.de\/index.php\/wp-json\/wp\/v2\/product\/13467","targetHints":{"allow":["GET"]}}],"collection":[{"href":"https:\/\/cdfpellets.de\/index.php\/wp-json\/wp\/v2\/product"}],"about":[{"href":"https:\/\/cdfpellets.de\/index.php\/wp-json\/wp\/v2\/types\/product"}],"replies":[{"embeddable":true,"href":"https:\/\/cdfpellets.de\/index.php\/wp-json\/wp\/v2\/comments?post=13467"}],"version-history":[{"count":3,"href":"https:\/\/cdfpellets.de\/index.php\/wp-json\/wp\/v2\/product\/13467\/revisions"}],"predecessor-version":[{"id":13910,"href":"https:\/\/cdfpellets.de\/index.php\/wp-json\/wp\/v2\/product\/13467\/revisions\/13910"}],"wp:featuredmedia":[{"embeddable":true,"href":"https:\/\/cdfpellets.de\/index.php\/wp-json\/wp\/v2\/media\/13531"}],"wp:attachment":[{"href":"https:\/\/cdfpellets.de\/index.php\/wp-json\/wp\/v2\/media?parent=13467"}],"wp:term":[{"taxonomy":"product_brand","embeddable":true,"href":"https:\/\/cdfpellets.de\/index.php\/wp-json\/wp\/v2\/product_brand?post=13467"},{"taxonomy":"product_cat","embeddable":true,"href":"https:\/\/cdfpellets.de\/index.php\/wp-json\/wp\/v2\/product_cat?post=13467"},{"taxonomy":"product_tag","embeddable":true,"href":"https:\/\/cdfpellets.de\/index.php\/wp-json\/wp\/v2\/product_tag?post=13467"}],"curies":[{"name":"wp","href":"https:\/\/api.w.org\/{rel}","templated":true}]}}