{"id":13455,"date":"2024-08-22T13:56:25","date_gmt":"2024-08-22T11:56:25","guid":{"rendered":"https:\/\/cdfpellets.de\/?post_type=product&#038;p=13455"},"modified":"2025-11-20T13:34:49","modified_gmt":"2025-11-20T12:34:49","slug":"pellets-premium-crepito-palette-mit-72-saecken-a-15-kg","status":"publish","type":"product","link":"https:\/\/cdfpellets.de\/index.php\/produit\/pellets-premium-crepito-palette-mit-72-saecken-a-15-kg\/","title":{"rendered":"Pellets Premium Cr\u00e9pito &#8211; Palette mit 72 S\u00e4cken \u00e0 15 kg"},"content":{"rendered":"<div class=\"uavc-list-icon uavc-list-icon-wrapper ult-adjust-bottom-margin \">\n<ul class=\"uavc-list\">\n<li>\n<div id=\"list-icon-wrap-6969\" class=\"uavc-list-content\">\n<p>Herkunft: 100 % Frischholz<br \/>\nAbmessungen: 3,15 mm &lt; L\u00e4nge &lt; 40 mm<br \/>\nMenge: 15 kg pro Sack<br \/>\nVerkaufseinheit: 72 S\u00e4cke pro Palette<\/p>\n<p>Cr\u00e9pito\u00ae Holzpellets bieten eine hervorragende Heizleistung. Diese wird durch eine Echtzeit-Qualit\u00e4tskontrolle der Prozesse und Fertigungsanlagen erreicht und gew\u00e4hrleistet so maximale Effizienz von Pelletheizger\u00e4ten.<\/p>\n<\/div>\n<\/li>\n<\/ul>\n<\/div>\n","protected":false},"excerpt":{"rendered":"<p>Cr\u00e9pito\u00ae Pellets Premium Holzpellets sind 100 % nat\u00fcrlich und werden aus Nebenprodukten der recycelten Holzindustrie hergestellt. Ihr Herstellungsprozess ist garantiert frei von Zusatzstoffen und Bindemitteln.<\/p>\n","protected":false},"featured_media":13507,"comment_status":"open","ping_status":"closed","template":"","meta":[],"product_brand":[],"product_cat":[516],"product_tag":[],"class_list":{"0":"post-13455","1":"product","2":"type-product","3":"status-publish","4":"has-post-thumbnail","6":"product_cat-holzpellets","8":"first","9":"instock","10":"taxable","11":"shipping-taxable","12":"purchasable","13":"product-type-simple"},"_links":{"self":[{"href":"https:\/\/cdfpellets.de\/index.php\/wp-json\/wp\/v2\/product\/13455","targetHints":{"allow":["GET"]}}],"collection":[{"href":"https:\/\/cdfpellets.de\/index.php\/wp-json\/wp\/v2\/product"}],"about":[{"href":"https:\/\/cdfpellets.de\/index.php\/wp-json\/wp\/v2\/types\/product"}],"replies":[{"embeddable":true,"href":"https:\/\/cdfpellets.de\/index.php\/wp-json\/wp\/v2\/comments?post=13455"}],"version-history":[{"count":3,"href":"https:\/\/cdfpellets.de\/index.php\/wp-json\/wp\/v2\/product\/13455\/revisions"}],"predecessor-version":[{"id":13900,"href":"https:\/\/cdfpellets.de\/index.php\/wp-json\/wp\/v2\/product\/13455\/revisions\/13900"}],"wp:featuredmedia":[{"embeddable":true,"href":"https:\/\/cdfpellets.de\/index.php\/wp-json\/wp\/v2\/media\/13507"}],"wp:attachment":[{"href":"https:\/\/cdfpellets.de\/index.php\/wp-json\/wp\/v2\/media?parent=13455"}],"wp:term":[{"taxonomy":"product_brand","embeddable":true,"href":"https:\/\/cdfpellets.de\/index.php\/wp-json\/wp\/v2\/product_brand?post=13455"},{"taxonomy":"product_cat","embeddable":true,"href":"https:\/\/cdfpellets.de\/index.php\/wp-json\/wp\/v2\/product_cat?post=13455"},{"taxonomy":"product_tag","embeddable":true,"href":"https:\/\/cdfpellets.de\/index.php\/wp-json\/wp\/v2\/product_tag?post=13455"}],"curies":[{"name":"wp","href":"https:\/\/api.w.org\/{rel}","templated":true}]}}