{"id":9619,"date":"2023-11-03T14:39:11","date_gmt":"2023-11-03T13:39:11","guid":{"rendered":"https:\/\/cdfpellets.de\/?page_id=9619"},"modified":"2025-10-27T17:07:35","modified_gmt":"2025-10-27T16:07:35","slug":"rueckgabe-und-rueckerstattungsrichtlinien","status":"publish","type":"page","link":"https:\/\/cdfpellets.de\/index.php\/rueckgabe-und-rueckerstattungsrichtlinien\/","title":{"rendered":"R\u00fcckgabe- und R\u00fcckerstattungsrichtlinien"},"content":{"rendered":"\n<h2 class=\"wp-block-heading\">R\u00fcckgabe- und R\u00fcckerstattungsrichtlinien<\/h2>\n\n\n\n<p>Zufriedenheitsgarantie oder Geld zur\u00fcck: Bedingungen f\u00fcr die Aus\u00fcbung des Widerrufsrechts:<\/p>\n\n\n\n<p>Wenn Sie mit einem erhaltenen Produkt oder Artikel nicht vollst\u00e4ndig zufrieden sind, k\u00f6nnen Sie es an uns zur\u00fccksenden.<\/p>\n\n\n\n<p>Sie k\u00f6nnen Ihr Widerrufsrecht gem\u00e4\u00df den gesetzlichen Bestimmungen innerhalb von 14 Tagen nach Erhalt des Produkts aus\u00fcben. Sie m\u00fcssen weder einen Grund angeben noch eine Strafe zahlen. Mit Ausnahme der R\u00fccksendekosten, die Sie tragen, erstatten wir Ihnen den vollen Betrag sp\u00e4testens 7 Tage nach Ihrem Widerruf \u00fcber dieselbe Zahlungsmethode.<\/p>\n\n\n\n<p>Das Widerrufsrecht besteht gem\u00e4\u00df den gesetzlichen Bestimmungen nicht f\u00fcr Produkte, die nach Kundenspezifikation angefertigt werden, sowie f\u00fcr Audio-, Video- oder Computersoftware-Aufzeichnungen, deren Versiegelung vom Kunden entfernt wurde.<\/p>\n\n\n\n<p>Die Ger\u00e4te m\u00fcssen sich f\u00fcr die R\u00fcckerstattung in neuwertigem Zustand befinden.<\/p>\n\n\n\n<p>Um eine R\u00fcckerstattung zu beantragen, kontaktieren Sie uns bitte unter der folgenden Adresse:<\/p>\n\n\n\n<p>R\u00fccksendeadresse: <strong>Energiestra\u00dfe 9, 2433 Margarethen am Moos<\/strong><\/p>\n\n\n\n<p>E-Mail: kontakt@cdfpellets.de<\/p>\n","protected":false},"excerpt":{"rendered":"<p>R\u00fcckgabe- und R\u00fcckerstattungsrichtlinien Zufriedenheitsgarantie oder Geld zur\u00fcck: Bedingungen f\u00fcr die Aus\u00fcbung des Widerrufsrechts: Wenn Sie mit einem erhaltenen Produkt oder<\/p>\n","protected":false},"author":1,"featured_media":0,"parent":0,"menu_order":0,"comment_status":"closed","ping_status":"closed","template":"","meta":{"footnotes":""},"class_list":["post-9619","page","type-page","status-publish","hentry"],"_links":{"self":[{"href":"https:\/\/cdfpellets.de\/index.php\/wp-json\/wp\/v2\/pages\/9619","targetHints":{"allow":["GET"]}}],"collection":[{"href":"https:\/\/cdfpellets.de\/index.php\/wp-json\/wp\/v2\/pages"}],"about":[{"href":"https:\/\/cdfpellets.de\/index.php\/wp-json\/wp\/v2\/types\/page"}],"author":[{"embeddable":true,"href":"https:\/\/cdfpellets.de\/index.php\/wp-json\/wp\/v2\/users\/1"}],"replies":[{"embeddable":true,"href":"https:\/\/cdfpellets.de\/index.php\/wp-json\/wp\/v2\/comments?post=9619"}],"version-history":[{"count":10,"href":"https:\/\/cdfpellets.de\/index.php\/wp-json\/wp\/v2\/pages\/9619\/revisions"}],"predecessor-version":[{"id":14074,"href":"https:\/\/cdfpellets.de\/index.php\/wp-json\/wp\/v2\/pages\/9619\/revisions\/14074"}],"wp:attachment":[{"href":"https:\/\/cdfpellets.de\/index.php\/wp-json\/wp\/v2\/media?parent=9619"}],"curies":[{"name":"wp","href":"https:\/\/api.w.org\/{rel}","templated":true}]}}